{"id":12980,"date":"2024-03-13T16:34:07","date_gmt":"2024-03-13T16:34:07","guid":{"rendered":"https:\/\/www.galotygallery.com\/index.php\/product\/ikonicka-elegance-koncertni-suvenyry-madonny\/"},"modified":"2024-04-03T13:42:56","modified_gmt":"2024-04-03T13:42:56","slug":"ikonicka-elegance-koncertni-suvenyry-madonny","status":"publish","type":"product","link":"https:\/\/www.galotygallery.com\/cs\/product\/ikonicka-elegance-koncertni-suvenyry-madonny\/","title":{"rendered":"Ikonick\u00e1 elegance: Koncertn\u00ed suven\u00fdry Madonny"},"content":{"rendered":"<div class=\"flex flex-grow flex-col max-w-full\">\n<div class=\"min-h-[20px] text-message flex flex-col items-start gap-3 whitespace-pre-wrap break-words [.text-message+&amp;]:mt-5 overflow-x-auto\" data-message-author-role=\"assistant\" data-message-id=\"26bb33ec-be4c-40e8-9d0e-bfc5e4fd7a2e\">\n<div class=\"markdown prose w-full break-words dark:prose-invert dark\">\n<p>Zv\u011b\u010dn\u011bte kr\u00e1lovnu popu s t\u00edmto zar\u00e1movan\u00fdm portr\u00e9tem Madonny dopln\u011bn\u00fdm autentick\u00fdmi vstupenkami z jej\u00edho slavn\u00e9ho turn\u00e9 MDNA Tour. V\u00fdrazn\u00e1 \u010dernob\u00edl\u00e1 fotografie zachycuje nad\u010dasov\u00fd p\u016fvab Madonny, zat\u00edmco vstupenky slou\u017e\u00ed jako vzpom\u00ednka na jej\u00ed dynamick\u00e1 vystoupen\u00ed. Tento zar\u00e1movan\u00fd kousek je pro fanou\u0161ky a sb\u011bratele nepostradateln\u00fdm dopl\u0148kem, kter\u00fd nab\u00edz\u00ed pohled do odkazu hudebn\u00ed ikony, jej\u00ed\u017e vliv se t\u00e1hne cel\u00e1 desetilet\u00ed. Je to v\u00edc ne\u017e jen v\u00fdstava; je to pocta trval\u00e9mu vlivu Madonnina um\u011bn\u00ed a showmanstv\u00ed.<\/p>\n<\/div>\n<\/div>\n<\/div>\n","protected":false},"excerpt":{"rendered":"<p>Zv\u011b\u010dn\u011bte kr\u00e1lovnu popu s t\u00edmto zar\u00e1movan\u00fdm portr\u00e9tem Madonny dopln\u011bn\u00fdm autentick\u00fdmi vstupenkami z jej\u00edho slavn\u00e9ho turn\u00e9 MDNA Tour. V\u00fdrazn\u00e1 \u010dernob\u00edl\u00e1 fotografie zachycuje nad\u010dasov\u00fd p\u016fvab Madonny, zat\u00edmco vstupenky slou\u017e\u00ed jako vzpom\u00ednka na jej\u00ed dynamick\u00e1 vystoupen\u00ed. Tento zar\u00e1movan\u00fd kousek je pro fanou\u0161ky a sb\u011bratele nepostradateln\u00fdm dopl\u0148kem, kter\u00fd nab\u00edz\u00ed pohled do odkazu hudebn\u00ed ikony, jej\u00ed\u017e vliv se t\u00e1hne cel\u00e1 desetilet\u00ed. Je to v\u00edc ne\u017e jen v\u00fdstava; je to pocta trval\u00e9mu vlivu Madonnina um\u011bn\u00ed a showmanstv\u00ed.<\/p>\n","protected":false},"featured_media":12941,"template":"","meta":{"inline_featured_image":false},"product_cat":[115],"product_tag":[],"class_list":{"0":"post-12980","1":"product","2":"type-product","3":"status-publish","4":"has-post-thumbnail","6":"product_cat-sberatelske-predmety","8":"first","9":"instock","10":"sold-individually","11":"shipping-taxable","12":"purchasable","13":"product-type-simple"},"_links":{"self":[{"href":"https:\/\/www.galotygallery.com\/cs\/wp-json\/wp\/v2\/product\/12980","targetHints":{"allow":["GET"]}}],"collection":[{"href":"https:\/\/www.galotygallery.com\/cs\/wp-json\/wp\/v2\/product"}],"about":[{"href":"https:\/\/www.galotygallery.com\/cs\/wp-json\/wp\/v2\/types\/product"}],"wp:featuredmedia":[{"embeddable":true,"href":"https:\/\/www.galotygallery.com\/cs\/wp-json\/wp\/v2\/media\/12941"}],"wp:attachment":[{"href":"https:\/\/www.galotygallery.com\/cs\/wp-json\/wp\/v2\/media?parent=12980"}],"wp:term":[{"taxonomy":"product_cat","embeddable":true,"href":"https:\/\/www.galotygallery.com\/cs\/wp-json\/wp\/v2\/product_cat?post=12980"},{"taxonomy":"product_tag","embeddable":true,"href":"https:\/\/www.galotygallery.com\/cs\/wp-json\/wp\/v2\/product_tag?post=12980"}],"curies":[{"name":"wp","href":"https:\/\/api.w.org\/{rel}","templated":true}]}}