{"id":13001,"date":"2024-03-13T15:43:49","date_gmt":"2024-03-13T15:43:49","guid":{"rendered":"https:\/\/www.galotygallery.com\/index.php\/product\/steinberger-l2-1980\/"},"modified":"2024-04-03T13:42:57","modified_gmt":"2024-04-03T13:42:57","slug":"steinberger-l2-1980","status":"publish","type":"product","link":"https:\/\/www.galotygallery.com\/cs\/product\/steinberger-l2-1980\/","title":{"rendered":"Steinberger L2 1980"},"content":{"rendered":"<p>Baskytara Steinberger L2, vzor modern\u00edho designu a techniky z roku 1980, je pozoruhodn\u00fdm p\u0159\u00edkladem spojen\u00ed formy a funkce. Jej\u00ed bezhlav\u00e1 konstrukce a minimalistick\u00e9 t\u011blo vyroben\u00e9 ze sm\u011bsi grafitu a epoxidu p\u0159edstavuj\u00ed nejen avantgardn\u00ed estetiku, ale p\u0159isp\u00edvaj\u00ed tak\u00e9 k jej\u00ed v\u00fdrazn\u00e9 t\u00f3nov\u00e9 \u010distot\u011b a v\u00fddr\u017ei. Pou\u017eit\u00ed netradi\u010dn\u00edch materi\u00e1l\u016f p\u0159edstavuje v\u00fdrazn\u00fd odklon od \u00e9ry, kdy p\u0159evl\u00e1dalo d\u0159evo, a nab\u00edz\u00ed stabiln\u00ed a odoln\u00fd n\u00e1stroj, kter\u00fd je m\u00e9n\u011b n\u00e1chyln\u00fd na zm\u011bny prost\u0159ed\u00ed. Jeho kompaktn\u00ed, cestovn\u00ed rozm\u011bry skr\u00fdvaj\u00ed v\u00fdkonn\u00fd a v\u0161estrann\u00fd zvuk, kter\u00fd dok\u00e1\u017ee zprost\u0159edkovat hlubok\u00e9 a bohat\u00e9 basov\u00e9 linky, kter\u00e9 zdob\u00ed nespo\u010det nahr\u00e1vek a p\u00f3di\u00ed po cel\u00e9m sv\u011bt\u011b.<\/p>\n<p>Steinberger L2 nen\u00ed jen n\u00e1stroj, je to kus hudebn\u00ed historie, kter\u00fd zt\u011bles\u0148uje nov\u00e1torsk\u00e9ho ducha sv\u00e9 doby a st\u00e1le inspiruje baskytaristy hledaj\u00edc\u00ed jedine\u010dnou kombinaci hratelnosti, spolehlivosti a \u0161pi\u010dkov\u00e9ho vzhledu.<\/p>\n","protected":false},"excerpt":{"rendered":"<p>Steinberger L2 z roku 1980, baskytara s revolu\u010dn\u00ed konstrukc\u00ed, je d\u00edky sv\u00e9mu t\u011blu z grafitov\u00e9ho a epoxidov\u00e9ho kompozitu produktem inovace. Tento n\u00e1stroj, kter\u00fd se prosadil zejm\u00e9na v 80. letech 20. stolet\u00ed, z\u00e1sadn\u011b zm\u011bnil pohled v\u00fdrobc\u016f na materi\u00e1ly a konstrukci hudebn\u00edch n\u00e1stroj\u016f. Jeho v\u00fdrazn\u00fd tvar, kter\u00fd mu v \u010ceskoslovensku vynesl hravou p\u0159ezd\u00edvku &#8222;p\u00e1dlo&#8220;, p\u0159edstavuje odv\u00e1\u017en\u00fd odklon od tradi\u010dn\u00edho designu a podtrhuje jeho roli pr\u016fkopn\u00edka ve v\u00fdvoji strunn\u00fdch n\u00e1stroj\u016f.<\/p>\n","protected":false},"featured_media":12923,"template":"","meta":{"inline_featured_image":false},"product_cat":[114],"product_tag":[],"class_list":{"0":"post-13001","1":"product","2":"type-product","3":"status-publish","4":"has-post-thumbnail","6":"product_cat-vystavni-kytary","8":"first","9":"instock","10":"sold-individually","11":"shipping-taxable","12":"purchasable","13":"product-type-simple"},"_links":{"self":[{"href":"https:\/\/www.galotygallery.com\/cs\/wp-json\/wp\/v2\/product\/13001","targetHints":{"allow":["GET"]}}],"collection":[{"href":"https:\/\/www.galotygallery.com\/cs\/wp-json\/wp\/v2\/product"}],"about":[{"href":"https:\/\/www.galotygallery.com\/cs\/wp-json\/wp\/v2\/types\/product"}],"wp:featuredmedia":[{"embeddable":true,"href":"https:\/\/www.galotygallery.com\/cs\/wp-json\/wp\/v2\/media\/12923"}],"wp:attachment":[{"href":"https:\/\/www.galotygallery.com\/cs\/wp-json\/wp\/v2\/media?parent=13001"}],"wp:term":[{"taxonomy":"product_cat","embeddable":true,"href":"https:\/\/www.galotygallery.com\/cs\/wp-json\/wp\/v2\/product_cat?post=13001"},{"taxonomy":"product_tag","embeddable":true,"href":"https:\/\/www.galotygallery.com\/cs\/wp-json\/wp\/v2\/product_tag?post=13001"}],"curies":[{"name":"wp","href":"https:\/\/api.w.org\/{rel}","templated":true}]}}